{"id":54,"date":"2017-03-25T19:19:21","date_gmt":"2017-03-25T19:19:21","guid":{"rendered":"http:\/\/luciamara.com\/sitio\/?page_id=54"},"modified":"2023-05-21T16:52:06","modified_gmt":"2023-05-21T19:52:06","slug":"biography","status":"publish","type":"page","link":"https:\/\/luciamara.com\/en\/biography\/","title":{"rendered":"Biography"},"content":{"rendered":"<p class=\"p1\">Luc\u00eda Mara, (Buenos Aires, 1988), began her love of the image and the material representation of people and places through her early passion for film. She majored in film from the Universidad del cine (FUC), Buenos Aires, and subsequently moved to Los Angeles to study film and photography at the University of California (UCLA).<\/p>\n<p class=\"p1\">A decisive move in her career came with her relocation to New York City and the photography courses she took at the International Center of Photography (ICP). Her photographic work has a strong cinematic feeling and one of her main subjects is the city: the fascination with urban life, the streets and its inhabitants and the myriad secrets of the metropolis hidden in plain sight, utilizing photography as a medium to reveal beauty in the most unexpected places and spotlighting the extraordinary in scenes of everyday life.<span class=\"Apple-converted-space\">\u00a0<\/span><\/p>\n<p class=\"p1\">Street photography plays an important role in her work, but there are other paths that she has been exploring as well, both technically and conceptually. She produced a series of photogravures at the studio of master printer Dan Benveniste, in Madrid. She also experiments with collage: both digital photocollages and physical paper cut-ups which further explore the notions of spatial unfolding, already a distinctive trait in her photographic work.<span class=\"Apple-converted-space\">\u00a0<\/span><\/p>\n<p class=\"p1\">She has shown her work in several individual and group exhibitions in Latin America and Europe and at several international Art Fairs including: Art Basel Miami Beach; ARCO Madrid; Arteba, Buenos Aires, Buenos Aires Photo; LimaPhoto, Per\u00fa and Este Arte, Punta del Este.<span class=\"Apple-converted-space\">\u00a0<\/span><\/p>\n<p class=\"p2\"><span class=\"s1\">In 2018 the\u00a0<i>Galer\u00eda A\u00edna Nowack, Arte Contempor\u00e1neo<\/i>\u00a0in Madrid, Spain, held a solo exhibition featuring a selection of photographs, photogravures and photocollages by Lucia Mara.<\/span><\/p>\n<p class=\"p1\">To coincide with her 2017 solo exhibition <i>Here, There and Everywhere,<\/i> Galer\u00eda Jorge Mara &#8211; La Ruche published an acclaimed book with an introductory essay by the distinguished Spanish author Antonio Mu\u00f1oz Molina.<\/p>\n<p class=\"p1\">In June 2023 the Galer\u00eda Aina Nowack, Arte Contempor\u00e1neo, in Madrid, Spain, will open a solo exhibition showcasing a selection of Mara\u2019s recent works, coinciding with the opening of the 2023 edition of <i>PhotoEspa\u00f1a.<\/i><\/p>\n<p class=\"p1\">Luc\u00eda Mara currently lives and works in Buenos Aires.<\/p>\n","protected":false},"excerpt":{"rendered":"<p>Luc\u00eda Mara, (Buenos Aires, 1988), began her love of the image and the material representation of people and places through her early passion for film. She majored in film from the Universidad del cine (FUC), Buenos Aires, and subsequently moved to Los Angeles to study film and photography at the University of California (UCLA). A\u2026<\/p>\n","protected":false},"author":1,"featured_media":66,"parent":0,"menu_order":0,"comment_status":"closed","ping_status":"closed","template":"template-about.php","meta":{"footnotes":""},"class_list":["post-54","page","type-page","status-publish","has-post-thumbnail","hentry"],"_links":{"self":[{"href":"https:\/\/luciamara.com\/en\/wp-json\/wp\/v2\/pages\/54"}],"collection":[{"href":"https:\/\/luciamara.com\/en\/wp-json\/wp\/v2\/pages"}],"about":[{"href":"https:\/\/luciamara.com\/en\/wp-json\/wp\/v2\/types\/page"}],"author":[{"embeddable":true,"href":"https:\/\/luciamara.com\/en\/wp-json\/wp\/v2\/users\/1"}],"replies":[{"embeddable":true,"href":"https:\/\/luciamara.com\/en\/wp-json\/wp\/v2\/comments?post=54"}],"version-history":[{"count":32,"href":"https:\/\/luciamara.com\/en\/wp-json\/wp\/v2\/pages\/54\/revisions"}],"predecessor-version":[{"id":767,"href":"https:\/\/luciamara.com\/en\/wp-json\/wp\/v2\/pages\/54\/revisions\/767"}],"wp:featuredmedia":[{"embeddable":true,"href":"https:\/\/luciamara.com\/en\/wp-json\/wp\/v2\/media\/66"}],"wp:attachment":[{"href":"https:\/\/luciamara.com\/en\/wp-json\/wp\/v2\/media?parent=54"}],"curies":[{"name":"wp","href":"https:\/\/api.w.org\/{rel}","templated":true}]}}